{"id":202,"date":"2026-01-28T09:39:26","date_gmt":"2026-01-28T09:39:26","guid":{"rendered":"https:\/\/crisami.cat\/quienes-somos"},"modified":"2026-03-04T07:46:19","modified_gmt":"2026-03-04T07:46:19","slug":"quienes-somos","status":"publish","type":"page","link":"https:\/\/crisami.cat\/es\/quienes-somos","title":{"rendered":"Qui\u00e9nes somos"},"content":{"rendered":"\n<div class=\"wp-block-uagb-container uagb-block-b4565075 alignfull uagb-is-root-container\">\n<div class=\"wp-block-uagb-advanced-heading uagb-block-04514360\"><h1 class=\"uagb-heading-text\">Qui\u00e9nes somos<\/h1><\/div>\n<\/div>\n\n<div data-aos= \"fade-up\" data-aos-duration=\"400\" data-aos-delay=\"0\" data-aos-easing=\"ease\" data-aos-once=\"true\" class=\"wp-block-uagb-container uagb-block-5c43f9f4 alignfull uagb-is-root-container\"><div class=\"uagb-container-inner-blocks-wrap\">\n<div class=\"wp-block-uagb-advanced-heading uagb-block-e2a777fd\"><h2 class=\"uagb-heading-text\">Somos el Hostal<br\/><em>Restaurante Crisami<\/em>,<\/h2><\/div>\n\n\n\n<p class=\"has-text-align-center playfair-type has-ast-global-color-0-color has-text-color has-link-color wp-elements-b69651ee63e0a1676710830f399029e4\">un establecimiento familiar situado en Solsona que, desde 1986, combina alojamiento confortable y gastronom\u00eda tradicional catalana. Nos encontramos en el coraz\u00f3n del Solson\u00e8s, una zona tranquila y con mucho encanto, perfecta para desconectar y descubrir la historia y la cultura local. <\/p>\n<\/div><\/div>\n\n<div class=\"wp-block-uagb-container uagb-block-b4b8ceaf alignfull uagb-is-root-container\"><div class=\"uagb-container-inner-blocks-wrap\">\n<div data-aos= \"fade-up\" data-aos-duration=\"400\" data-aos-delay=\"0\" data-aos-easing=\"ease\" data-aos-once=\"true\" class=\"wp-block-uagb-container uagb-block-589c97d6\">\n<div class=\"wp-block-uagb-image uagb-block-31a1c812 wp-block-uagb-image--layout-default wp-block-uagb-image--effect-static wp-block-uagb-image--align-none\"><figure class=\"wp-block-uagb-image__figure\"><img decoding=\"async\" srcset=\"https:\/\/crisami.cat\/wp-content\/uploads\/2026\/02\/374680393-1-1-1024x432.jpg ,https:\/\/crisami.cat\/wp-content\/uploads\/2026\/02\/374680393-1-1.jpg 780w, https:\/\/crisami.cat\/wp-content\/uploads\/2026\/02\/374680393-1-1.jpg 360w\" sizes=\"auto, (max-width: 480px) 150px\" src=\"https:\/\/crisami.cat\/wp-content\/uploads\/2026\/02\/374680393-1-1-1024x432.jpg\" alt=\"\" class=\"uag-image-97\" width=\"1024\" height=\"432\" title=\"374680393 1\" loading=\"lazy\" role=\"img\"><\/figure><\/div>\n<\/div>\n\n\n\n<div data-aos= \"fade-up\" data-aos-duration=\"400\" data-aos-delay=\"0\" data-aos-easing=\"ease\" data-aos-once=\"true\" class=\"wp-block-uagb-container uagb-block-da5f88e1\">\n<div class=\"wp-block-uagb-advanced-heading uagb-block-c7380153\"><h3 class=\"uagb-heading-text\">Nuestro objetivo<br\/>es que cada estancia <em>sea agradable, c\u00f3moda y memorable.<\/em><\/h3><\/div>\n\n\n\n<p class=\"has-text-align-left playfair-type has-ast-global-color-0-color has-text-color has-link-color wp-elements-50059579cf242c893c75818639f730e7\">Nos gusta que nuestros hu\u00e9spedes se sientan como en casa. Ofrecemos un trato cercano, un ambiente acogedor y una atenci\u00f3n cuidada al detalle, tanto para personas como para sus mascotas. <\/p>\n<\/div>\n<\/div><\/div>\n\n<div class=\"wp-block-uagb-container uagb-block-1e2d8519 alignfull uagb-is-root-container\"><div class=\"uagb-container-inner-blocks-wrap\">\n<div data-aos= \"fade-up\" data-aos-duration=\"400\" data-aos-delay=\"0\" data-aos-easing=\"ease\" data-aos-once=\"true\" class=\"wp-block-uagb-container uagb-block-629eb0cd\">\n<p class=\"has-text-align-left playfair-type has-ast-global-color-0-color has-text-color has-link-color wp-elements-10137954d5fc8d69f34872136cab146d\">Con a\u00f1os de experiencia y pasi\u00f3n por lo que hacemos, en el Hostal Crisami trabajamos cada d\u00eda para ofrecer una estancia honesta y de calidad, donde el descanso, la buena cocina y el buen trato van de la mano. Os invitamos a venir, descubrir Solsona y vivirla con calma, como lo hacemos nosotros. <\/p>\n\n\n\n<div class=\"wp-block-uagb-advanced-heading uagb-block-50c247bd\"><h3 class=\"uagb-heading-text\"><em>\u00a1Te esperamos!<\/em><\/h3><\/div>\n<\/div>\n\n\n\n<div data-aos= \"fade-up\" data-aos-duration=\"400\" data-aos-delay=\"0\" data-aos-easing=\"ease\" data-aos-once=\"true\" class=\"wp-block-uagb-container uagb-block-d8475f50\">\n<div class=\"wp-block-uagb-image uagb-block-657887f7 wp-block-uagb-image--layout-default wp-block-uagb-image--effect-static wp-block-uagb-image--align-none\"><figure class=\"wp-block-uagb-image__figure\"><img decoding=\"async\" srcset=\"https:\/\/crisami.cat\/wp-content\/uploads\/2026\/02\/440116759-4-1024x403.jpg ,https:\/\/crisami.cat\/wp-content\/uploads\/2026\/02\/440116759-4.jpg 780w, https:\/\/crisami.cat\/wp-content\/uploads\/2026\/02\/440116759-4.jpg 360w\" sizes=\"auto, (max-width: 480px) 150px\" src=\"https:\/\/crisami.cat\/wp-content\/uploads\/2026\/02\/440116759-4-1024x403.jpg\" alt=\"\" class=\"uag-image-98\" width=\"1024\" height=\"403\" title=\"440116759 4\" loading=\"lazy\" role=\"img\"><\/figure><\/div>\n<\/div>\n<\/div><\/div>\n\n<p><\/p>\n","protected":false},"excerpt":{"rendered":"<p>Qui\u00e9nes somos Somos el HostalRestaurante Crisami, un establecimiento familiar situado en Solsona que, desde 1986, combina alojamiento confortable y gastronom\u00eda [&hellip;]<\/p>\n","protected":false},"author":1,"featured_media":0,"parent":0,"menu_order":3,"comment_status":"closed","ping_status":"closed","template":"","meta":{"_uag_custom_page_level_css":"","site-sidebar-layout":"default","site-content-layout":"","ast-site-content-layout":"default","site-content-style":"default","site-sidebar-style":"default","ast-global-header-display":"","ast-banner-title-visibility":"","ast-main-header-display":"","ast-hfb-above-header-display":"","ast-hfb-below-header-display":"","ast-hfb-mobile-header-display":"","site-post-title":"","ast-breadcrumbs-content":"","ast-featured-img":"","footer-sml-layout":"","ast-disable-related-posts":"","theme-transparent-header-meta":"","adv-header-id-meta":"","stick-header-meta":"","header-above-stick-meta":"","header-main-stick-meta":"","header-below-stick-meta":"","astra-migrate-meta-layouts":"default","ast-page-background-enabled":"default","ast-page-background-meta":{"desktop":{"background-color":"var(--ast-global-color-5)","background-image":"","background-repeat":"repeat","background-position":"center center","background-size":"auto","background-attachment":"scroll","background-type":"","background-media":"","overlay-type":"","overlay-color":"","overlay-opacity":"","overlay-gradient":""},"tablet":{"background-color":"","background-image":"","background-repeat":"repeat","background-position":"center center","background-size":"auto","background-attachment":"scroll","background-type":"","background-media":"","overlay-type":"","overlay-color":"","overlay-opacity":"","overlay-gradient":""},"mobile":{"background-color":"","background-image":"","background-repeat":"repeat","background-position":"center center","background-size":"auto","background-attachment":"scroll","background-type":"","background-media":"","overlay-type":"","overlay-color":"","overlay-opacity":"","overlay-gradient":""}},"ast-content-background-meta":{"desktop":{"background-color":"var(--ast-global-color-4)","background-image":"","background-repeat":"repeat","background-position":"center center","background-size":"auto","background-attachment":"scroll","background-type":"","background-media":"","overlay-type":"","overlay-color":"","overlay-opacity":"","overlay-gradient":""},"tablet":{"background-color":"var(--ast-global-color-4)","background-image":"","background-repeat":"repeat","background-position":"center center","background-size":"auto","background-attachment":"scroll","background-type":"","background-media":"","overlay-type":"","overlay-color":"","overlay-opacity":"","overlay-gradient":""},"mobile":{"background-color":"var(--ast-global-color-4)","background-image":"","background-repeat":"repeat","background-position":"center center","background-size":"auto","background-attachment":"scroll","background-type":"","background-media":"","overlay-type":"","overlay-color":"","overlay-opacity":"","overlay-gradient":""}},"footnotes":""},"class_list":["post-202","page","type-page","status-publish","hentry"],"yoast_head":"<!-- This site is optimized with the Yoast SEO plugin v26.9 - https:\/\/yoast.com\/product\/yoast-seo-wordpress\/ -->\n<title>Qui\u00e9nes somos - Crisami<\/title>\n<meta name=\"robots\" content=\"index, follow, max-snippet:-1, max-image-preview:large, max-video-preview:-1\" \/>\n<link rel=\"canonical\" href=\"https:\/\/crisami.cat\/es\/quienes-somos\" \/>\n<meta property=\"og:locale\" content=\"es_ES\" \/>\n<meta property=\"og:type\" content=\"article\" \/>\n<meta property=\"og:title\" content=\"Qui\u00e9nes somos - Crisami\" \/>\n<meta property=\"og:description\" content=\"Qui\u00e9nes somos Somos el HostalRestaurante Crisami, un establecimiento familiar situado en Solsona que, desde 1986, combina alojamiento confortable y gastronom\u00eda [&hellip;]\" \/>\n<meta property=\"og:url\" content=\"https:\/\/crisami.cat\/es\/quienes-somos\" \/>\n<meta property=\"og:site_name\" content=\"Crisami\" \/>\n<meta property=\"article:modified_time\" content=\"2026-03-04T07:46:19+00:00\" \/>\n<meta property=\"og:image\" content=\"https:\/\/crisami.cat\/wp-content\/uploads\/2026\/02\/374680393-1-1-1024x432.jpg\" \/>\n<meta name=\"twitter:card\" content=\"summary_large_image\" \/>\n<meta name=\"twitter:label1\" content=\"Tiempo de lectura\" \/>\n\t<meta name=\"twitter:data1\" content=\"1 minuto\" \/>\n<script type=\"application\/ld+json\" class=\"yoast-schema-graph\">{\"@context\":\"https:\/\/schema.org\",\"@graph\":[{\"@type\":\"WebPage\",\"@id\":\"https:\/\/crisami.cat\/es\/quienes-somos\",\"url\":\"https:\/\/crisami.cat\/es\/quienes-somos\",\"name\":\"Qui\u00e9nes somos - Crisami\",\"isPartOf\":{\"@id\":\"https:\/\/crisami.cat\/es#website\"},\"primaryImageOfPage\":{\"@id\":\"https:\/\/crisami.cat\/es\/quienes-somos#primaryimage\"},\"image\":{\"@id\":\"https:\/\/crisami.cat\/es\/quienes-somos#primaryimage\"},\"thumbnailUrl\":\"https:\/\/crisami.cat\/wp-content\/uploads\/2026\/02\/374680393-1-1-1024x432.jpg\",\"datePublished\":\"2026-01-28T09:39:26+00:00\",\"dateModified\":\"2026-03-04T07:46:19+00:00\",\"breadcrumb\":{\"@id\":\"https:\/\/crisami.cat\/es\/quienes-somos#breadcrumb\"},\"inLanguage\":\"es\",\"potentialAction\":[{\"@type\":\"ReadAction\",\"target\":[\"https:\/\/crisami.cat\/es\/quienes-somos\"]}]},{\"@type\":\"ImageObject\",\"inLanguage\":\"es\",\"@id\":\"https:\/\/crisami.cat\/es\/quienes-somos#primaryimage\",\"url\":\"https:\/\/crisami.cat\/wp-content\/uploads\/2026\/02\/374680393-1-1-1024x432.jpg\",\"contentUrl\":\"https:\/\/crisami.cat\/wp-content\/uploads\/2026\/02\/374680393-1-1-1024x432.jpg\"},{\"@type\":\"BreadcrumbList\",\"@id\":\"https:\/\/crisami.cat\/es\/quienes-somos#breadcrumb\",\"itemListElement\":[{\"@type\":\"ListItem\",\"position\":1,\"name\":\"Portada\",\"item\":\"https:\/\/crisami.cat\/es\"},{\"@type\":\"ListItem\",\"position\":2,\"name\":\"Qui\u00e9nes somos\"}]},{\"@type\":\"WebSite\",\"@id\":\"https:\/\/crisami.cat\/es#website\",\"url\":\"https:\/\/crisami.cat\/es\",\"name\":\"Crisami\",\"description\":\"El teu espai de calma a Solsona\",\"publisher\":{\"@id\":\"https:\/\/crisami.cat\/es#organization\"},\"potentialAction\":[{\"@type\":\"SearchAction\",\"target\":{\"@type\":\"EntryPoint\",\"urlTemplate\":\"https:\/\/crisami.cat\/es?s={search_term_string}\"},\"query-input\":{\"@type\":\"PropertyValueSpecification\",\"valueRequired\":true,\"valueName\":\"search_term_string\"}}],\"inLanguage\":\"es\"},{\"@type\":\"Organization\",\"@id\":\"https:\/\/crisami.cat\/es#organization\",\"name\":\"Crisami\",\"url\":\"https:\/\/crisami.cat\/es\",\"logo\":{\"@type\":\"ImageObject\",\"inLanguage\":\"es\",\"@id\":\"https:\/\/crisami.cat\/es#\/schema\/logo\/image\/\",\"url\":\"https:\/\/crisami.cat\/wp-content\/uploads\/2026\/01\/crisami.png\",\"contentUrl\":\"https:\/\/crisami.cat\/wp-content\/uploads\/2026\/01\/crisami.png\",\"width\":228,\"height\":100,\"caption\":\"Crisami\"},\"image\":{\"@id\":\"https:\/\/crisami.cat\/es#\/schema\/logo\/image\/\"}}]}<\/script>\n<!-- \/ Yoast SEO plugin. -->","yoast_head_json":{"title":"Qui\u00e9nes somos - Crisami","robots":{"index":"index","follow":"follow","max-snippet":"max-snippet:-1","max-image-preview":"max-image-preview:large","max-video-preview":"max-video-preview:-1"},"canonical":"https:\/\/crisami.cat\/es\/quienes-somos","og_locale":"es_ES","og_type":"article","og_title":"Qui\u00e9nes somos - Crisami","og_description":"Qui\u00e9nes somos Somos el HostalRestaurante Crisami, un establecimiento familiar situado en Solsona que, desde 1986, combina alojamiento confortable y gastronom\u00eda [&hellip;]","og_url":"https:\/\/crisami.cat\/es\/quienes-somos","og_site_name":"Crisami","article_modified_time":"2026-03-04T07:46:19+00:00","og_image":[{"url":"https:\/\/crisami.cat\/wp-content\/uploads\/2026\/02\/374680393-1-1-1024x432.jpg","type":"","width":"","height":""}],"twitter_card":"summary_large_image","twitter_misc":{"Tiempo de lectura":"1 minuto"},"schema":{"@context":"https:\/\/schema.org","@graph":[{"@type":"WebPage","@id":"https:\/\/crisami.cat\/es\/quienes-somos","url":"https:\/\/crisami.cat\/es\/quienes-somos","name":"Qui\u00e9nes somos - Crisami","isPartOf":{"@id":"https:\/\/crisami.cat\/es#website"},"primaryImageOfPage":{"@id":"https:\/\/crisami.cat\/es\/quienes-somos#primaryimage"},"image":{"@id":"https:\/\/crisami.cat\/es\/quienes-somos#primaryimage"},"thumbnailUrl":"https:\/\/crisami.cat\/wp-content\/uploads\/2026\/02\/374680393-1-1-1024x432.jpg","datePublished":"2026-01-28T09:39:26+00:00","dateModified":"2026-03-04T07:46:19+00:00","breadcrumb":{"@id":"https:\/\/crisami.cat\/es\/quienes-somos#breadcrumb"},"inLanguage":"es","potentialAction":[{"@type":"ReadAction","target":["https:\/\/crisami.cat\/es\/quienes-somos"]}]},{"@type":"ImageObject","inLanguage":"es","@id":"https:\/\/crisami.cat\/es\/quienes-somos#primaryimage","url":"https:\/\/crisami.cat\/wp-content\/uploads\/2026\/02\/374680393-1-1-1024x432.jpg","contentUrl":"https:\/\/crisami.cat\/wp-content\/uploads\/2026\/02\/374680393-1-1-1024x432.jpg"},{"@type":"BreadcrumbList","@id":"https:\/\/crisami.cat\/es\/quienes-somos#breadcrumb","itemListElement":[{"@type":"ListItem","position":1,"name":"Portada","item":"https:\/\/crisami.cat\/es"},{"@type":"ListItem","position":2,"name":"Qui\u00e9nes somos"}]},{"@type":"WebSite","@id":"https:\/\/crisami.cat\/es#website","url":"https:\/\/crisami.cat\/es","name":"Crisami","description":"El teu espai de calma a Solsona","publisher":{"@id":"https:\/\/crisami.cat\/es#organization"},"potentialAction":[{"@type":"SearchAction","target":{"@type":"EntryPoint","urlTemplate":"https:\/\/crisami.cat\/es?s={search_term_string}"},"query-input":{"@type":"PropertyValueSpecification","valueRequired":true,"valueName":"search_term_string"}}],"inLanguage":"es"},{"@type":"Organization","@id":"https:\/\/crisami.cat\/es#organization","name":"Crisami","url":"https:\/\/crisami.cat\/es","logo":{"@type":"ImageObject","inLanguage":"es","@id":"https:\/\/crisami.cat\/es#\/schema\/logo\/image\/","url":"https:\/\/crisami.cat\/wp-content\/uploads\/2026\/01\/crisami.png","contentUrl":"https:\/\/crisami.cat\/wp-content\/uploads\/2026\/01\/crisami.png","width":228,"height":100,"caption":"Crisami"},"image":{"@id":"https:\/\/crisami.cat\/es#\/schema\/logo\/image\/"}}]}},"uagb_featured_image_src":{"full":false,"thumbnail":false,"medium":false,"medium_large":false,"large":false,"1536x1536":false,"2048x2048":false},"uagb_author_info":{"display_name":"crisami","author_link":"https:\/\/crisami.cat\/es\/archivos\/author\/crisami"},"uagb_comment_info":0,"uagb_excerpt":"Qui\u00e9nes somos Somos el HostalRestaurante Crisami, un establecimiento familiar situado en Solsona que, desde 1986, combina alojamiento confortable y gastronom\u00eda [&hellip;]","_links":{"self":[{"href":"https:\/\/crisami.cat\/es\/wp-json\/wp\/v2\/pages\/202","targetHints":{"allow":["GET"]}}],"collection":[{"href":"https:\/\/crisami.cat\/es\/wp-json\/wp\/v2\/pages"}],"about":[{"href":"https:\/\/crisami.cat\/es\/wp-json\/wp\/v2\/types\/page"}],"author":[{"embeddable":true,"href":"https:\/\/crisami.cat\/es\/wp-json\/wp\/v2\/users\/1"}],"replies":[{"embeddable":true,"href":"https:\/\/crisami.cat\/es\/wp-json\/wp\/v2\/comments?post=202"}],"version-history":[{"count":2,"href":"https:\/\/crisami.cat\/es\/wp-json\/wp\/v2\/pages\/202\/revisions"}],"predecessor-version":[{"id":208,"href":"https:\/\/crisami.cat\/es\/wp-json\/wp\/v2\/pages\/202\/revisions\/208"}],"wp:attachment":[{"href":"https:\/\/crisami.cat\/es\/wp-json\/wp\/v2\/media?parent=202"}],"curies":[{"name":"wp","href":"https:\/\/api.w.org\/{rel}","templated":true}]}}